{"id":143,"date":"2016-06-20T07:48:11","date_gmt":"2016-06-20T04:48:11","guid":{"rendered":"http:\/\/sw-themes.com\/porto_dummy\/?page_id=143"},"modified":"2022-08-09T10:45:34","modified_gmt":"2022-08-09T07:45:34","slug":"ansayfa","status":"publish","type":"page","link":"https:\/\/fdkongrenizami.atauni.edu.tr\/","title":{"rendered":"ANA SAYFA"},"content":{"rendered":"<p>[vc_row wrap_container=&#8221;yes&#8221; el_class=&#8221;home-intro home-intro-dark&#8221;][vc_column width=&#8221;2\/3&#8243;][vc_column_text el_class=&#8221;m-b-none&#8221; css=&#8221;.vc_custom_1659428731608{padding-left: 325px !important;}&#8221;]<strong><em>I. ULUSLARARASI GENCEL\u0130 N\u0130Z\u00c2M\u00ce<\/em><i> SEMPOZYUMU<\/i><\/strong>[\/vc_column_text][\/vc_column][\/vc_row][vc_row][vc_column width=&#8221;1\/2&#8243;][vc_column_text css=&#8221;.vc_custom_1659428846786{padding-top: 50px !important;padding-bottom: 25px !important;padding-left: 150px !important;}&#8221;]<strong><em>I. ULUSLARARASI GENCEL\u0130 N\u0130Z\u00c2M\u00ce<\/em><i> SEMPOZYUMU<\/i><\/strong><\/p>\n<p><strong>Sempozyuma \u00c7a\u011fr\u0131<\/strong><\/p>\n<p style=\"text-align: center;\">Gence do\u011fumlu Nizami-yi Gencevi 12. y\u00fczy\u0131l T\u00fcrk \u015fairlerinden ve filozoflar\u0131ndand\u0131r. Edebiyatta hamse t\u00fcr\u00fcn\u00fcn kurucu olarak bilinir. Bu y\u00f6nden kendisinden sonra gelen \u015fairleri de etkisi alt\u0131nda b\u0131rakan Nizami, felsefe, mant\u0131k ve astronomi alanlar\u0131ndaki mahiyeti sayesinde \u00e7a\u011f\u0131n\u0131n filozofu kabul edilir. T\u00fcrk tarihi ve edebiyat\u0131 a\u00e7\u0131s\u0131ndan b\u00fcy\u00fck \u00f6nem ta\u015f\u0131yan Nizami-yi Gencevi&#8217;nin ad\u0131 alt\u0131nda d\u00fcnya edebiyatlar\u0131 ve sosyal disiplinleri bir araya getiren uluslararas\u0131 bir sempozyum planlanmaktad\u0131r. Sempozyumda yer alan alt ba\u015fl\u0131klarda \u00e7al\u0131\u015fmalar yapan meslekta\u015flar\u0131m\u0131z\u0131 aram\u0131zda g\u00f6rmekten mutluluk ve onur duyar\u0131z.<\/p>\n<p><strong>Sayg\u0131lar\u0131m\u0131zla,<\/strong><\/p>\n<p style=\"text-align: center;\"><strong>D\u00fczenleme kurulu ad\u0131na<\/strong><\/p>\n<p style=\"text-align: center;\"><strong>Do\u00e7. Dr. Asuman G\u00d6KHAN<\/strong><\/p>\n<p style=\"text-align: center;\"><strong>Sempozyum D\u00fczenleme Kurulu Ba\u015fkan\u0131<\/strong><\/p>\n<p>[\/vc_column_text][\/vc_column][vc_column width=&#8221;1\/2&#8243;][vc_column_text css=&#8221;.vc_custom_1660031131252{padding-top: 50px !important;padding-bottom: 25px !important;padding-left: 50px !important;}&#8221;]<strong>Kay\u0131t Ba\u015fvurusu \u0130\u00e7in Son Tarih:<\/strong> 22.08.2022<\/p>\n<p><strong>Tam Metin Son G\u00f6nderim:<\/strong> 15.09.2022<\/p>\n<p><strong>Yay\u0131na Haz\u0131r Bildiri G\u00f6nderimi:<\/strong> 01.10.2022<\/p>\n<p><strong>Etkinlik Tarihi:<\/strong>20.10.2022<\/p>\n<p>&nbsp;<\/p>\n<p><strong>Sempozyum Ana Ba\u015fl\u0131klar\u0131;<\/strong><\/p>\n<p>Nizami-yi Gencevi ve Tasavvuf<\/p>\n<p>Nizami-yi Gencevi ve Felsefe<\/p>\n<p>Nizami-yi Gencevi ve Edebiyat<\/p>\n<p>Nizami-yi Gencevi\u2019nin Etkilendi\u011fi ve Etkiledi\u011fi \u015eairler<\/p>\n<p>Gence (Tarih, K\u00fclt\u00fcr ve Edebiyat)<\/p>\n<p>D\u00fcnya Dilleri ve Edebiyatlar\u0131 (T\u00fcrk, Azerbaycan, Urdu, Arap, \u0130ran, Afgan ve Hint, Pakistan)<\/p>\n<p><strong>Sempozyum kat\u0131l\u0131m \u00fccreti ALINMAMAKTADIR. Sempozyum Pandemi K\u0131s\u0131tlamalar\u0131 Nedeniyle Online olarak ger\u00e7ekle\u015ftirilecektir. <\/strong><br \/>\nSempozyuma ba\u015fvurunuzu bekler, sayg\u0131lar\u0131m\u0131z\u0131 sunar\u0131z.<\/p>\n<p><em><strong>Kat\u0131l\u0131m Linki:<\/strong><\/em><\/p>\n<p><strong>Join Zoom Meeting: 980 5323 2495<\/strong>[\/vc_column_text][\/vc_column][\/vc_row]<\/p>\n","protected":false},"excerpt":{"rendered":"<p>[vc_row wrap_container=&#8221;yes&#8221; el_class=&#8221;home-intro home-intro-dark&#8221;][vc_column width=&#8221;2\/3&#8243;][vc_column_text el_class=&#8221;m-b-none&#8221; css=&#8221;.vc_custom_1659428731608{padding-left: 325px !important;}&#8221;]I. ULUSLARARASI GENCEL\u0130 N\u0130Z\u00c2M\u00ce SEMPOZYUMU[\/vc_column_text][\/vc_column][\/vc_row][vc_row][vc_column width=&#8221;1\/2&#8243;][vc_column_text css=&#8221;.vc_custom_1659428846786{padding-top: 50px !important;padding-bottom: 25px !important;padding-left: 150px !important;}&#8221;]I. ULUSLARARASI GENCEL\u0130 N\u0130Z\u00c2M\u00ce SEMPOZYUMU Sempozyuma \u00c7a\u011fr\u0131 Gence do\u011fumlu Nizami-yi Gencevi 12. y\u00fczy\u0131l T\u00fcrk \u015fairlerinden ve filozoflar\u0131ndand\u0131r. Edebiyatta hamse t\u00fcr\u00fcn\u00fcn kurucu olarak bilinir. Bu y\u00f6nden kendisinden sonra gelen \u015fairleri de etkisi alt\u0131nda b\u0131rakan Nizami, felsefe, [&hellip;]<\/p>\n","protected":false},"author":1,"featured_media":0,"parent":0,"menu_order":0,"comment_status":"closed","ping_status":"closed","template":"","meta":{"footnotes":""},"class_list":["post-143","page","type-page","status-publish","hentry"],"_links":{"self":[{"href":"https:\/\/fdkongrenizami.atauni.edu.tr\/index.php\/wp-json\/wp\/v2\/pages\/143","targetHints":{"allow":["GET"]}}],"collection":[{"href":"https:\/\/fdkongrenizami.atauni.edu.tr\/index.php\/wp-json\/wp\/v2\/pages"}],"about":[{"href":"https:\/\/fdkongrenizami.atauni.edu.tr\/index.php\/wp-json\/wp\/v2\/types\/page"}],"author":[{"embeddable":true,"href":"https:\/\/fdkongrenizami.atauni.edu.tr\/index.php\/wp-json\/wp\/v2\/users\/1"}],"replies":[{"embeddable":true,"href":"https:\/\/fdkongrenizami.atauni.edu.tr\/index.php\/wp-json\/wp\/v2\/comments?post=143"}],"version-history":[{"count":20,"href":"https:\/\/fdkongrenizami.atauni.edu.tr\/index.php\/wp-json\/wp\/v2\/pages\/143\/revisions"}],"predecessor-version":[{"id":2529,"href":"https:\/\/fdkongrenizami.atauni.edu.tr\/index.php\/wp-json\/wp\/v2\/pages\/143\/revisions\/2529"}],"wp:attachment":[{"href":"https:\/\/fdkongrenizami.atauni.edu.tr\/index.php\/wp-json\/wp\/v2\/media?parent=143"}],"curies":[{"name":"wp","href":"https:\/\/api.w.org\/{rel}","templated":true}]}}