{"id":2457,"date":"2021-06-08T14:26:51","date_gmt":"2021-06-08T11:26:51","guid":{"rendered":"https:\/\/fdkongrenizami.atauni.edu.tr\/?page_id=2457"},"modified":"2022-08-05T17:04:49","modified_gmt":"2022-08-05T14:04:49","slug":"onur-kurulu","status":"publish","type":"page","link":"https:\/\/fdkongrenizami.atauni.edu.tr\/index.php\/onur-kurulu\/","title":{"rendered":"ONUR KURULU"},"content":{"rendered":"\n<p><strong>Onursal Ba\u015fkan\/Honorary President<\/strong><\/p>\n\n\n\n<p>Prof. Dr. \u00d6mer \u00c7OMAKLI<\/p>\n\n\n\n<p>Atat\u00fcrk \u00dcniversitesi Rekt\u00f6r\u00fc<\/p>\n\n\n\n<hr class=\"wp-block-separator has-css-opacity\"\/>\n\n\n\n<p><strong>Onur Kurulu\/ Honorary Committee<\/strong><\/p>\n\n\n\n<p>Dr. Zeki \u00d6ZT\u00dcRK- Gence Ba\u015fkonsolosu <\/p>\n\n\n\n<p>Prof. Dr. Dilaver D\u00dcZG\u00dcN- Atat\u00fcrk \u00dcniversitesi Edebiyat Fak\u00fcltesi Dekan\u0131, T\u00dcRK\u0130YE<\/p>\n","protected":false},"excerpt":{"rendered":"<p>Onursal Ba\u015fkan\/Honorary President Prof. Dr. \u00d6mer \u00c7OMAKLI Atat\u00fcrk \u00dcniversitesi Rekt\u00f6r\u00fc Onur Kurulu\/ Honorary Committee Dr. Zeki \u00d6ZT\u00dcRK- Gence Ba\u015fkonsolosu Prof. Dr. Dilaver D\u00dcZG\u00dcN- Atat\u00fcrk \u00dcniversitesi Edebiyat Fak\u00fcltesi Dekan\u0131, T\u00dcRK\u0130YE<\/p>\n","protected":false},"author":1,"featured_media":0,"parent":0,"menu_order":0,"comment_status":"closed","ping_status":"closed","template":"","meta":{"footnotes":""},"class_list":["post-2457","page","type-page","status-publish","hentry"],"_links":{"self":[{"href":"https:\/\/fdkongrenizami.atauni.edu.tr\/index.php\/wp-json\/wp\/v2\/pages\/2457","targetHints":{"allow":["GET"]}}],"collection":[{"href":"https:\/\/fdkongrenizami.atauni.edu.tr\/index.php\/wp-json\/wp\/v2\/pages"}],"about":[{"href":"https:\/\/fdkongrenizami.atauni.edu.tr\/index.php\/wp-json\/wp\/v2\/types\/page"}],"author":[{"embeddable":true,"href":"https:\/\/fdkongrenizami.atauni.edu.tr\/index.php\/wp-json\/wp\/v2\/users\/1"}],"replies":[{"embeddable":true,"href":"https:\/\/fdkongrenizami.atauni.edu.tr\/index.php\/wp-json\/wp\/v2\/comments?post=2457"}],"version-history":[{"count":5,"href":"https:\/\/fdkongrenizami.atauni.edu.tr\/index.php\/wp-json\/wp\/v2\/pages\/2457\/revisions"}],"predecessor-version":[{"id":2527,"href":"https:\/\/fdkongrenizami.atauni.edu.tr\/index.php\/wp-json\/wp\/v2\/pages\/2457\/revisions\/2527"}],"wp:attachment":[{"href":"https:\/\/fdkongrenizami.atauni.edu.tr\/index.php\/wp-json\/wp\/v2\/media?parent=2457"}],"curies":[{"name":"wp","href":"https:\/\/api.w.org\/{rel}","templated":true}]}}