{"id":2459,"date":"2021-06-08T14:27:17","date_gmt":"2021-06-08T11:27:17","guid":{"rendered":"https:\/\/fdkongrenizami.atauni.edu.tr\/?page_id=2459"},"modified":"2022-08-02T10:05:22","modified_gmt":"2022-08-02T07:05:22","slug":"duzenleme-kurulu","status":"publish","type":"page","link":"https:\/\/fdkongrenizami.atauni.edu.tr\/index.php\/duzenleme-kurulu\/","title":{"rendered":"D\u00dcZENLEME KURULU"},"content":{"rendered":"\n<p><strong>D\u00fczenleme Kurulu Ba\u015fkan\u0131\/Chairman of Organizing Committee<\/strong><\/p>\n\n\n\n<p>Do\u00e7. Dr. Asuman G\u00d6KHAN, T\u00dcRK\u0130YE<\/p>\n\n\n\n<p><strong>D\u00fczenleme Kurulu E\u015f Ba\u015fkan\u0131\/Co-Chairman of Organizing Committee<\/strong><\/p>\n\n\n\n<p>Do\u00e7. Dr. \u0130lknur EMEKL\u0130, T\u00dcRK\u0130YE<\/p>\n\n\n\n<p><strong>Genel Sekreter\/Secretary General<\/strong><\/p>\n\n\n\n<p>Ar\u015f. G\u00f6r. \u015eeyda ARISOY, T\u00dcRK\u0130YE<\/p>\n\n\n\n<p><strong>D\u00fczenleme Kurulu\/Organizing Committee<\/strong><\/p>\n\n\n\n<p>Prof. Dr. Nimet YILDIRIM, Atat\u00fcrk \u00dcniversitesi, T\u00dcRK\u0130YE<\/p>\n\n\n\n<p>Prof. Dr. Veyis DE\u011e\u0130RMEN\u00c7AY, Atat\u00fcrk \u00dcniversitesi, T\u00dcRK\u0130YE<\/p>\n\n\n\n<p>Do\u00e7. Dr. Pervin KER\u0130MZADE, Gence \u00dcniversitesi Rekt\u00f6r Yard\u0131mc\u0131s\u0131, Milletvekili<\/p>\n\n\n\n<p>Do\u00e7. Dr. \u00d6zkan DAYI, Bayburt \u00dcniversitesi, T\u00dcRK\u0130YE<\/p>\n\n\n\n<p>Dr. \u00d6\u011fr. \u00dcyesi Emine AYDO\u011eAN, Atat\u00fcrk \u00dcniversitesi, T\u00dcRK\u0130YE<\/p>\n\n\n\n<p>Dr. Akif MAR\u0130FL\u0130 \/Azerbaycan Milli K\u00fct\u00fcphanesi\/AZERBAYCAN<\/p>\n","protected":false},"excerpt":{"rendered":"<p>D\u00fczenleme Kurulu Ba\u015fkan\u0131\/Chairman of Organizing Committee Do\u00e7. Dr. Asuman G\u00d6KHAN, T\u00dcRK\u0130YE D\u00fczenleme Kurulu E\u015f Ba\u015fkan\u0131\/Co-Chairman of Organizing Committee Do\u00e7. Dr. \u0130lknur EMEKL\u0130, T\u00dcRK\u0130YE Genel Sekreter\/Secretary General Ar\u015f. G\u00f6r. \u015eeyda ARISOY, T\u00dcRK\u0130YE D\u00fczenleme Kurulu\/Organizing Committee Prof. Dr. Nimet YILDIRIM, Atat\u00fcrk \u00dcniversitesi, T\u00dcRK\u0130YE Prof. Dr. Veyis DE\u011e\u0130RMEN\u00c7AY, Atat\u00fcrk \u00dcniversitesi, T\u00dcRK\u0130YE Do\u00e7. Dr. Pervin KER\u0130MZADE, Gence \u00dcniversitesi Rekt\u00f6r [&hellip;]<\/p>\n","protected":false},"author":1,"featured_media":0,"parent":0,"menu_order":0,"comment_status":"closed","ping_status":"closed","template":"","meta":{"footnotes":""},"class_list":["post-2459","page","type-page","status-publish","hentry"],"_links":{"self":[{"href":"https:\/\/fdkongrenizami.atauni.edu.tr\/index.php\/wp-json\/wp\/v2\/pages\/2459","targetHints":{"allow":["GET"]}}],"collection":[{"href":"https:\/\/fdkongrenizami.atauni.edu.tr\/index.php\/wp-json\/wp\/v2\/pages"}],"about":[{"href":"https:\/\/fdkongrenizami.atauni.edu.tr\/index.php\/wp-json\/wp\/v2\/types\/page"}],"author":[{"embeddable":true,"href":"https:\/\/fdkongrenizami.atauni.edu.tr\/index.php\/wp-json\/wp\/v2\/users\/1"}],"replies":[{"embeddable":true,"href":"https:\/\/fdkongrenizami.atauni.edu.tr\/index.php\/wp-json\/wp\/v2\/comments?post=2459"}],"version-history":[{"count":4,"href":"https:\/\/fdkongrenizami.atauni.edu.tr\/index.php\/wp-json\/wp\/v2\/pages\/2459\/revisions"}],"predecessor-version":[{"id":2513,"href":"https:\/\/fdkongrenizami.atauni.edu.tr\/index.php\/wp-json\/wp\/v2\/pages\/2459\/revisions\/2513"}],"wp:attachment":[{"href":"https:\/\/fdkongrenizami.atauni.edu.tr\/index.php\/wp-json\/wp\/v2\/media?parent=2459"}],"curies":[{"name":"wp","href":"https:\/\/api.w.org\/{rel}","templated":true}]}}