{"id":2475,"date":"2021-06-08T14:45:35","date_gmt":"2021-06-08T11:45:35","guid":{"rendered":"https:\/\/fdkongrenizami.atauni.edu.tr\/?page_id=2475"},"modified":"2022-09-06T13:54:02","modified_gmt":"2022-09-06T10:54:02","slug":"bilim-kurulu","status":"publish","type":"page","link":"https:\/\/fdkongrenizami.atauni.edu.tr\/index.php\/bilim-kurulu\/","title":{"rendered":"B\u0130L\u0130M KURULU"},"content":{"rendered":"\n<p>Prof. Dr. Pervin KER\u0130MZADE, Gence \u00dcniversitesi, AZERBAYCAN<\/p>\n\n\n\n<p>Prof. Dr. Kadir GOLKAR\u0130AN Near West University\/K.K.T.C<\/p>\n\n\n\n<p>Prof. Dr. Esedullah VAH\u0130D, Tebriz \u00dcniversitesi, \u0130RAN<\/p>\n\n\n\n<p>Prof. Dr. Dr. Elvir Musi\u00e7, BOSNA-HERSEK<\/p>\n\n\n\n<p>Prof. Dr. Almaz Ulvi B\u0130NNETOVA, Gence \u00dcniversitesi, AZERBAYCAN<\/p>\n\n\n\n<p>Prof. Dr. Veyis DE\u011e\u0130RMEN\u00c7AY, Atat\u00fcrk \u00dcniversitesi, T\u00dcRK\u0130YE<\/p>\n\n\n\n<p>Prof. Dr. \u0130brahim \u0130KBAL\u0130, Tebriz \u00dcniversitesi, \u0130RAN<\/p>\n\n\n\n<p>Prof. Dr.  Syeda Faleeha Zahra Kazmi, LCWU, PAK\u0130STAN<\/p>\n\n\n\n<p>Prof. Dr. Kadir GOLKARIAN, Yak\u0131n Do\u011fu \u00dcniversitesi, KIBRIS<\/p>\n\n\n\n<p>Prof. Dr. N\u00fc\u015fab\u0259 Arasl\u0131, Az\u0259rbaycan Milli Elml\u0259r Akademisi<\/p>\n\n\n\n<p>Prof. Dr. Ali TEM\u0130ZEL, Konya Sel\u00e7uk \u00dcniversitesi, T\u00dcRK\u0130YE<\/p>\n\n\n\n<p>Prof. Dr. Nimet YILDIRIM, Atat\u00fcrk \u00dcniversitesi, T\u00dcRK\u0130YE<\/p>\n\n\n\n<p>Prof. Dr. Ali G\u00dcZELY\u00dcZ, \u0130stanbul \u00dcniversitesi, T\u00dcRK\u0130YE<\/p>\n\n\n\n<p>Do\u00e7. Dr. Leila BAHMANY, Frankfurt \u00dcniversitesi, ALMANYA<\/p>\n\n\n\n<p>Do\u00e7.dr. Z\u0259hra Allahverdiyeva, Az\u0259rbaycan Milli Elml\u0259r Akademisi<\/p>\n\n\n\n<p>Do\u00e7.  Dr. T\u0259hmin\u0259 B\u0259d\u0259lova, Az\u0259rbaycan Milli Elml\u0259r Akademisi<\/p>\n\n\n\n<p>Do\u00e7. Dr. Konul HACIYEVA, Gence \u00dcniversitesi, AZERBAYCAN<\/p>\n\n\n\n<p>Do\u00e7. Dr. Nesip GEYUSAV, Gence \u00dcniversitesi, AZERBAYCAN<\/p>\n\n\n\n<p>Do\u00e7. Dr. Berna KARAG\u00d6ZO\u011eLU, A\u011fr\u0131 \u0130brahim \u00c7E\u00c7EN \u00dcniversitesi, T\u00dcRK\u0130YE<\/p>\n\n\n\n<p>Do\u00e7. Dr. Sad\u0131k ARMUTLU, A\u011fr\u0131 \u0130brahim \u00c7E\u00c7EN \u00dcniversitesi, T\u00dcRK\u0130YE<\/p>\n\n\n\n<p>Do\u00e7. Dr. \u00d6zkan DAYI, Bayburt \u00dcniversitesi, T\u00dcRK\u0130YE<\/p>\n\n\n\n<p>Dr. Sogol MESHAYEKHI, \u0130ran Azadi \u00dcniversitesi, \u0130RAN<\/p>\n\n\n\n<p>Dr. \u00d6\u011fr. \u00dcyesi Emine AYDO\u011eAN, Atat\u00fcrk \u00dcniversitesi, T\u00dcRK\u0130YE<\/p>\n\n\n\n<p>Dr. \u00d6\u011fr. \u00dcyesi Pouneh ABDOLLAHIFARD, Erzurum Teknik \u00dcniversitesi, T\u00dcRK\u0130YE<\/p>\n","protected":false},"excerpt":{"rendered":"<p>Prof. Dr. Pervin KER\u0130MZADE, Gence \u00dcniversitesi, AZERBAYCAN Prof. Dr. Kadir GOLKAR\u0130AN Near West University\/K.K.T.C Prof. Dr. Esedullah VAH\u0130D, Tebriz \u00dcniversitesi, \u0130RAN Prof. Dr. Dr. Elvir Musi\u00e7, BOSNA-HERSEK Prof. Dr. Almaz Ulvi B\u0130NNETOVA, Gence \u00dcniversitesi, AZERBAYCAN Prof. Dr. Veyis DE\u011e\u0130RMEN\u00c7AY, Atat\u00fcrk \u00dcniversitesi, T\u00dcRK\u0130YE Prof. Dr. \u0130brahim \u0130KBAL\u0130, Tebriz \u00dcniversitesi, \u0130RAN Prof. Dr. Syeda Faleeha Zahra Kazmi, [&hellip;]<\/p>\n","protected":false},"author":1,"featured_media":0,"parent":0,"menu_order":0,"comment_status":"closed","ping_status":"closed","template":"","meta":{"footnotes":""},"class_list":["post-2475","page","type-page","status-publish","hentry"],"_links":{"self":[{"href":"https:\/\/fdkongrenizami.atauni.edu.tr\/index.php\/wp-json\/wp\/v2\/pages\/2475","targetHints":{"allow":["GET"]}}],"collection":[{"href":"https:\/\/fdkongrenizami.atauni.edu.tr\/index.php\/wp-json\/wp\/v2\/pages"}],"about":[{"href":"https:\/\/fdkongrenizami.atauni.edu.tr\/index.php\/wp-json\/wp\/v2\/types\/page"}],"author":[{"embeddable":true,"href":"https:\/\/fdkongrenizami.atauni.edu.tr\/index.php\/wp-json\/wp\/v2\/users\/1"}],"replies":[{"embeddable":true,"href":"https:\/\/fdkongrenizami.atauni.edu.tr\/index.php\/wp-json\/wp\/v2\/comments?post=2475"}],"version-history":[{"count":5,"href":"https:\/\/fdkongrenizami.atauni.edu.tr\/index.php\/wp-json\/wp\/v2\/pages\/2475\/revisions"}],"predecessor-version":[{"id":2532,"href":"https:\/\/fdkongrenizami.atauni.edu.tr\/index.php\/wp-json\/wp\/v2\/pages\/2475\/revisions\/2532"}],"wp:attachment":[{"href":"https:\/\/fdkongrenizami.atauni.edu.tr\/index.php\/wp-json\/wp\/v2\/media?parent=2475"}],"curies":[{"name":"wp","href":"https:\/\/api.w.org\/{rel}","templated":true}]}}