{"id":2481,"date":"2021-06-11T14:49:25","date_gmt":"2021-06-11T11:49:25","guid":{"rendered":"https:\/\/fdkongrenizami.atauni.edu.tr\/?page_id=2481"},"modified":"2022-10-18T14:15:09","modified_gmt":"2022-10-18T11:15:09","slug":"sempozyum-programi","status":"publish","type":"page","link":"https:\/\/fdkongrenizami.atauni.edu.tr\/index.php\/sempozyum-programi\/","title":{"rendered":"SEMPOZYUM PROGRAMI"},"content":{"rendered":"\n<div data-wp-interactive=\"core\/file\" class=\"wp-block-file\"><object data-wp-bind--hidden=\"!state.hasPdfPreview\" hidden class=\"wp-block-file__embed\" data=\"https:\/\/fdkongrenizami.atauni.edu.tr\/wp-content\/uploads\/2022\/10\/nizami-sempozyumu-program-2.pdf\" type=\"application\/pdf\" style=\"width:100%;height:600px\" aria-label=\"nizami-sempozyumu-program-2 g\u00f6m\u00fcs\u00fc. g\u00f6m\u00fcs\u00fc.\"><\/object><a id=\"wp-block-file--media-a5583272-c3f2-41a9-b51c-171fe551a3be\" href=\"https:\/\/fdkongrenizami.atauni.edu.tr\/wp-content\/uploads\/2022\/10\/nizami-sempozyumu-program-2.pdf\">nizami-sempozyumu-program-2<\/a><a href=\"https:\/\/fdkongrenizami.atauni.edu.tr\/wp-content\/uploads\/2022\/10\/nizami-sempozyumu-program-2.pdf\" class=\"wp-block-file__button\" download aria-describedby=\"wp-block-file--media-a5583272-c3f2-41a9-b51c-171fe551a3be\">\u0130ndir<\/a><\/div>\n","protected":false},"excerpt":{"rendered":"nizami-sempozyumu-program-2\u0130ndir","protected":false},"author":1,"featured_media":0,"parent":0,"menu_order":0,"comment_status":"closed","ping_status":"closed","template":"","meta":{"footnotes":""},"class_list":["post-2481","page","type-page","status-publish","hentry"],"_links":{"self":[{"href":"https:\/\/fdkongrenizami.atauni.edu.tr\/index.php\/wp-json\/wp\/v2\/pages\/2481","targetHints":{"allow":["GET"]}}],"collection":[{"href":"https:\/\/fdkongrenizami.atauni.edu.tr\/index.php\/wp-json\/wp\/v2\/pages"}],"about":[{"href":"https:\/\/fdkongrenizami.atauni.edu.tr\/index.php\/wp-json\/wp\/v2\/types\/page"}],"author":[{"embeddable":true,"href":"https:\/\/fdkongrenizami.atauni.edu.tr\/index.php\/wp-json\/wp\/v2\/users\/1"}],"replies":[{"embeddable":true,"href":"https:\/\/fdkongrenizami.atauni.edu.tr\/index.php\/wp-json\/wp\/v2\/comments?post=2481"}],"version-history":[{"count":17,"href":"https:\/\/fdkongrenizami.atauni.edu.tr\/index.php\/wp-json\/wp\/v2\/pages\/2481\/revisions"}],"predecessor-version":[{"id":2553,"href":"https:\/\/fdkongrenizami.atauni.edu.tr\/index.php\/wp-json\/wp\/v2\/pages\/2481\/revisions\/2553"}],"wp:attachment":[{"href":"https:\/\/fdkongrenizami.atauni.edu.tr\/index.php\/wp-json\/wp\/v2\/media?parent=2481"}],"curies":[{"name":"wp","href":"https:\/\/api.w.org\/{rel}","templated":true}]}}